{"id":4801,"date":"2023-11-06T23:11:37","date_gmt":"2023-11-06T22:11:37","guid":{"rendered":"http:\/\/prueba.maristak.com\/neurrirako-prestakuntza-formularioa\/"},"modified":"2023-11-18T14:32:18","modified_gmt":"2023-11-18T13:32:18","slug":"neurrirako-prestakuntza-formularioa","status":"publish","type":"page","link":"https:\/\/maristak.com\/eu\/neurrirako-prestakuntza-formularioa\/","title":{"rendered":"Neurrirako prestakuntza-formularioa"},"content":{"rendered":"\t\t<div data-elementor-type=\"wp-page\" data-elementor-id=\"4801\" class=\"elementor elementor-4801 elementor-856\" data-elementor-post-type=\"page\">\n\t\t\t\t\t\t<section class=\"elementor-section elementor-top-section elementor-element elementor-element-350eb47 elementor-section-content-top elementor-section-boxed elementor-section-height-default elementor-section-height-default\" data-id=\"350eb47\" data-element_type=\"section\">\n\t\t\t\t\t\t<div class=\"elementor-container elementor-column-gap-default\">\n\t\t\t\t\t<div class=\"elementor-column elementor-col-50 elementor-top-column elementor-element elementor-element-068dc8d\" data-id=\"068dc8d\" data-element_type=\"column\">\n\t\t\t<div class=\"elementor-widget-wrap elementor-element-populated\">\n\t\t\t\t\t\t<div class=\"elementor-element elementor-element-21e0e0f elementor-widget elementor-widget-heading\" data-id=\"21e0e0f\" data-element_type=\"widget\" data-widget_type=\"heading.default\">\n\t\t\t\t<div class=\"elementor-widget-container\">\n\t\t\t\t\t<h2 class=\"elementor-heading-title elementor-size-default\">Enpresa gisa interesatuta zaude zure langileak prestatzeko?<\/h2>\t\t\t\t<\/div>\n\t\t\t\t<\/div>\n\t\t\t\t<div class=\"elementor-element elementor-element-a9b7cf1 elementor-widget elementor-widget-text-editor\" data-id=\"a9b7cf1\" data-element_type=\"widget\" data-widget_type=\"text-editor.default\">\n\t\t\t\t<div class=\"elementor-widget-container\">\n\t\t\t\t\t\t\t\t\tJar zaitez gurekin harremanetan eta eskaintzen ditugun neurrira egindako prestakuntza programen berri emango dizugu.\n\t\t\t\t\t\t\t\t<\/div>\n\t\t\t\t<\/div>\n\t\t\t\t\t<\/div>\n\t\t<\/div>\n\t\t\t\t<div class=\"elementor-column elementor-col-50 elementor-top-column elementor-element elementor-element-259b5a1\" data-id=\"259b5a1\" data-element_type=\"column\">\n\t\t\t<div class=\"elementor-widget-wrap elementor-element-populated\">\n\t\t\t\t\t\t<div class=\"elementor-element elementor-element-f4fc172 elementor-button-align-start formulario elementor-widget elementor-widget-form\" data-id=\"f4fc172\" data-element_type=\"widget\" data-settings=\"{&quot;step_next_label&quot;:&quot;Hurrengoa&quot;,&quot;step_previous_label&quot;:&quot;Aurrekoa&quot;,&quot;button_width&quot;:&quot;100&quot;,&quot;step_type&quot;:&quot;number_text&quot;,&quot;step_icon_shape&quot;:&quot;circle&quot;}\" data-widget_type=\"form.default\">\n\t\t\t\t<div class=\"elementor-widget-container\">\n\t\t\t\t\t\t\t<form class=\"elementor-form\" method=\"post\" name=\"NEURRIRA EGINDAKO FORMAKUNTZA\" aria-label=\"NEURRIRA EGINDAKO FORMAKUNTZA\">\n\t\t\t<input type=\"hidden\" name=\"post_id\" value=\"4801\"\/>\n\t\t\t<input type=\"hidden\" name=\"form_id\" value=\"f4fc172\"\/>\n\t\t\t<input type=\"hidden\" name=\"referer_title\" value=\"Maristak\" \/>\n\n\t\t\t\n\t\t\t<div class=\"elementor-form-fields-wrapper elementor-labels-above\">\n\t\t\t\t\t\t\t\t<div class=\"elementor-field-type-text elementor-field-group elementor-column elementor-field-group-nombre elementor-col-100 elementor-field-required\">\n\t\t\t\t\t\t\t\t\t\t\t\t<label for=\"form-field-nombre\" class=\"elementor-field-label\">\n\t\t\t\t\t\t\t\tIzen Abizenak\t\t\t\t\t\t\t<\/label>\n\t\t\t\t\t\t\t\t\t\t\t\t\t\t<input size=\"1\" type=\"text\" name=\"form_fields[nombre]\" id=\"form-field-nombre\" class=\"elementor-field elementor-size-sm  elementor-field-textual\" placeholder=\"Izen Abizenak*\" required=\"required\">\n\t\t\t\t\t\t\t\t\t\t\t<\/div>\n\t\t\t\t\t\t\t\t<div class=\"elementor-field-type-text elementor-field-group elementor-column elementor-field-group-empresa elementor-col-100 elementor-field-required\">\n\t\t\t\t\t\t\t\t\t\t\t\t<label for=\"form-field-empresa\" class=\"elementor-field-label\">\n\t\t\t\t\t\t\t\tEnpresa\t\t\t\t\t\t\t<\/label>\n\t\t\t\t\t\t\t\t\t\t\t\t\t\t<input size=\"1\" type=\"text\" name=\"form_fields[empresa]\" id=\"form-field-empresa\" class=\"elementor-field elementor-size-sm  elementor-field-textual\" placeholder=\"Empresa*\" required=\"required\">\n\t\t\t\t\t\t\t\t\t\t\t<\/div>\n\t\t\t\t\t\t\t\t<div class=\"elementor-field-type-email elementor-field-group elementor-column elementor-field-group-email elementor-col-100 elementor-field-required\">\n\t\t\t\t\t\t\t\t\t\t\t\t<label for=\"form-field-email\" class=\"elementor-field-label\">\n\t\t\t\t\t\t\t\tPosta Elektronikoa\t\t\t\t\t\t\t<\/label>\n\t\t\t\t\t\t\t\t\t\t\t\t\t\t<input size=\"1\" type=\"email\" name=\"form_fields[email]\" id=\"form-field-email\" class=\"elementor-field elementor-size-sm  elementor-field-textual\" placeholder=\"Posta elektronikoa*\" required=\"required\">\n\t\t\t\t\t\t\t\t\t\t\t<\/div>\n\t\t\t\t\t\t\t\t<div class=\"elementor-field-type-tel elementor-field-group elementor-column elementor-field-group-telefono elementor-col-100 elementor-field-required\">\n\t\t\t\t\t\t\t\t\t\t\t\t<label for=\"form-field-telefono\" class=\"elementor-field-label\">\n\t\t\t\t\t\t\t\tTelefonoa\t\t\t\t\t\t\t<\/label>\n\t\t\t\t\t\t\t\t<input size=\"1\" type=\"tel\" name=\"form_fields[telefono]\" id=\"form-field-telefono\" class=\"elementor-field elementor-size-sm  elementor-field-textual\" placeholder=\"Telefonoa*\" required=\"required\" pattern=\"[0-9()#&amp;+*-=.]+\" title=\"Only numbers and phone characters (#, -, *, etc) are accepted.\">\n\n\t\t\t\t\t\t<\/div>\n\t\t\t\t\t\t\t\t<div class=\"elementor-field-type-textarea elementor-field-group elementor-column elementor-field-group-consulta elementor-col-100 elementor-field-required\">\n\t\t\t\t\t\t\t\t\t\t\t\t<label for=\"form-field-consulta\" class=\"elementor-field-label\">\n\t\t\t\t\t\t\t\tEsaguzu zer interesatzen zaizun\t\t\t\t\t\t\t<\/label>\n\t\t\t\t\t\t<textarea class=\"elementor-field-textual elementor-field  elementor-size-sm\" name=\"form_fields[consulta]\" id=\"form-field-consulta\" rows=\"4\" placeholder=\"Esaguzu zer interesatzen zaizun*\" required=\"required\"><\/textarea>\t\t\t\t<\/div>\n\t\t\t\t\t\t\t\t<div class=\"elementor-field-type-acceptance elementor-field-group elementor-column elementor-field-group-terms_accepted elementor-col-100 elementor-field-required\">\n\t\t\t\t\t\t\t\t\t\t\t\t<label for=\"form-field-terms_accepted\" class=\"elementor-field-label\">\n\t\t\t\t\t\t\t\tOnarpena\t\t\t\t\t\t\t<\/label>\n\t\t\t\t\t\t\t\t<div class=\"elementor-field-subgroup\">\n\t\t\t<span class=\"elementor-field-option\">\n\t\t\t\t<input type=\"checkbox\" name=\"form_fields[terms_accepted]\" id=\"form-field-terms_accepted\" class=\"elementor-field elementor-size-sm  elementor-acceptance-field\" required=\"required\">\n\t\t\t\t<label for=\"form-field-terms_accepted\"><a href=\"\">Pribatutasun-politika<\/a> onartzen dut<\/label>\t\t\t<\/span>\n\t\t<\/div>\n\t\t\t\t\t\t<\/div>\n\t\t\t\t\t\t\t\t<div class=\"elementor-field-type-text\">\n\t\t\t\t\t<input size=\"1\" type=\"text\" name=\"form_fields[field_9d499c0]\" id=\"form-field-field_9d499c0\" class=\"elementor-field elementor-size-sm \" style=\"display:none !important;\">\t\t\t\t<\/div>\n\t\t\t\t\t\t\t\t<div class=\"elementor-field-type-recaptcha_v3 elementor-field-group elementor-column elementor-field-group-field_1d34175 elementor-col-100 recaptcha_v3-bottomright\">\n\t\t\t\t\t<div class=\"elementor-field\" id=\"form-field-field_1d34175\"><div class=\"elementor-g-recaptcha\" data-sitekey=\"6LcL2KElAAAAABuba0NAL9cgPLXXeUUfNGH6jyW6\" data-type=\"v3\" data-action=\"Form\" data-badge=\"bottomright\" data-size=\"invisible\"><\/div><\/div>\t\t\t\t<\/div>\n\t\t\t\t\t\t\t\t<div class=\"elementor-field-group elementor-column elementor-field-type-submit elementor-col-100 e-form__buttons\">\n\t\t\t\t\t<button class=\"elementor-button elementor-size-sm\" type=\"submit\">\n\t\t\t\t\t\t<span class=\"elementor-button-content-wrapper\">\n\t\t\t\t\t\t\t\t\t\t\t\t\t\t\t<span class=\"elementor-button-icon\">\n\t\t\t\t\t\t\t\t\t<i aria-hidden=\"true\" class=\"fas fa-arrow-right\"><\/i>\t\t\t\t\t\t\t\t\t\t\t\t\t\t\t\t\t<\/span>\n\t\t\t\t\t\t\t\t\t\t\t\t\t\t\t\t\t\t\t\t\t\t<span class=\"elementor-button-text\">Kontaktatu<\/span>\n\t\t\t\t\t\t\t\t\t\t\t\t\t<\/span>\n\t\t\t\t\t<\/button>\n\t\t\t\t<\/div>\n\t\t\t<\/div>\n\t\t<\/form>\n\t\t\t\t\t\t<\/div>\n\t\t\t\t<\/div>\n\t\t\t\t<div class=\"elementor-element elementor-element-887e10a elementor-widget elementor-widget-global elementor-global-4758 elementor-global-3054 elementor-widget-accordion\" data-id=\"887e10a\" data-element_type=\"widget\" data-widget_type=\"accordion.default\">\n\t\t\t\t<div class=\"elementor-widget-container\">\n\t\t\t\t\t\t\t<div class=\"elementor-accordion\">\n\t\t\t\t\t\t\t<div class=\"elementor-accordion-item\">\n\t\t\t\t\t<h3 id=\"elementor-tab-title-1431\" class=\"elementor-tab-title\" data-tab=\"1\" role=\"button\" aria-controls=\"elementor-tab-content-1431\" aria-expanded=\"false\">\n\t\t\t\t\t\t\t\t\t\t\t\t\t<span class=\"elementor-accordion-icon elementor-accordion-icon-left\" aria-hidden=\"true\">\n\t\t\t\t\t\t\t\t\t\t\t\t\t\t\t<span class=\"elementor-accordion-icon-closed\"><i class=\"fas fa-caret-right\"><\/i><\/span>\n\t\t\t\t\t\t\t\t<span class=\"elementor-accordion-icon-opened\"><i class=\"fas fa-caret-up\"><\/i><\/span>\n\t\t\t\t\t\t\t\t\t\t\t\t\t\t<\/span>\n\t\t\t\t\t\t\t\t\t\t\t\t<a class=\"elementor-accordion-title\" tabindex=\"0\">Datuen babesari buruzko oinarrizko informazioa<\/a>\n\t\t\t\t\t<\/h3>\n\t\t\t\t\t<div id=\"elementor-tab-content-1431\" class=\"elementor-tab-content elementor-clearfix\" data-tab=\"1\" role=\"region\" aria-labelledby=\"elementor-tab-title-1431\"><p><strong>Arduraduna:<\/strong> MARISTAK EUSKADI FUNDAZIOA<\/p>\n<p><strong>Llegimitazioa:<\/strong> Interesdunaren adostasuna<\/p>\n<p><strong>Eskubideak eta non balia ditzakeen:<\/strong> MARISTAK DURANGOren helbide fiskalean (Juan Antonio Abasolo kalea 6, Durango &#8211; Bizkaia, info@maristak.com) sartu, zuzendu, ezeztatu eta datuen aurka egiteko eskubideak erabil ditzakezu.<\/p>\n<p><strong>Informazio gehigarria:<\/strong> Pribatutasun-politikan, informazio osagarria aurkituko duzu zure informazio pertsonalaren bilketari eta erabilerari buruz, sarbideari, zuzenketari, ezabapenari, segurtasunari eta beste gai batzuei buruzko informazioa barne.<\/p><\/div>\n\t\t\t\t<\/div>\n\t\t\t\t\t\t\t\t<\/div>\n\t\t\t\t\t\t<\/div>\n\t\t\t\t<\/div>\n\t\t\t\t\t<\/div>\n\t\t<\/div>\n\t\t\t\t\t<\/div>\n\t\t<\/section>\n\t\t\t\t<\/div>\n\t\t","protected":false},"excerpt":{"rendered":"<p>Enpresa gisa interesatuta zaude zure langileak prestatzeko? Jar zaitez gurekin harremanetan eta eskaintzen ditugun neurrira egindako prestakuntza programen berri emango dizugu. Informaci\u00f3n b\u00e1sica sobre la protecci\u00f3n de datos Responsable: MARISTAK DURANGO Legitimaci\u00f3n: Consentimiento del interesado Derechos y d\u00f3nde los puede ejercer: Puede ejercer los derechos de acceso, rectificaci\u00f3n, cancelaci\u00f3n y oposici\u00f3n de datos en el [&hellip;]<\/p>\n","protected":false},"author":1,"featured_media":0,"parent":0,"menu_order":0,"comment_status":"closed","ping_status":"closed","template":"elementor_header_footer","meta":{"footnotes":""},"class_list":["post-4801","page","type-page","status-publish","hentry"],"yoast_head":"<!-- This site is optimized with the Yoast SEO plugin v27.3 - https:\/\/yoast.com\/product\/yoast-seo-wordpress\/ -->\n<title>Neurrirako prestakuntza-formularioa - Maristak<\/title>\n<meta name=\"robots\" content=\"index, follow, max-snippet:-1, max-image-preview:large, max-video-preview:-1\" \/>\n<link rel=\"canonical\" href=\"https:\/\/maristak.com\/eu\/neurrirako-prestakuntza-formularioa\/\" \/>\n<meta property=\"og:locale\" content=\"eu_ES\" \/>\n<meta property=\"og:type\" content=\"article\" \/>\n<meta property=\"og:title\" content=\"Neurrirako prestakuntza-formularioa - Maristak\" \/>\n<meta property=\"og:description\" content=\"Enpresa gisa interesatuta zaude zure langileak prestatzeko? Jar zaitez gurekin harremanetan eta eskaintzen ditugun neurrira egindako prestakuntza programen berri emango dizugu. Informaci\u00f3n b\u00e1sica sobre la protecci\u00f3n de datos Responsable: MARISTAK DURANGO Legitimaci\u00f3n: Consentimiento del interesado Derechos y d\u00f3nde los puede ejercer: Puede ejercer los derechos de acceso, rectificaci\u00f3n, cancelaci\u00f3n y oposici\u00f3n de datos en el [&hellip;]\" \/>\n<meta property=\"og:url\" content=\"https:\/\/maristak.com\/eu\/neurrirako-prestakuntza-formularioa\/\" \/>\n<meta property=\"og:site_name\" content=\"Maristak\" \/>\n<meta property=\"article:modified_time\" content=\"2023-11-18T13:32:18+00:00\" \/>\n<meta property=\"og:image\" content=\"https:\/\/maristak.com\/wp-content\/uploads\/2021\/05\/maristak-favicon.png\" \/>\n\t<meta property=\"og:image:width\" content=\"512\" \/>\n\t<meta property=\"og:image:height\" content=\"512\" \/>\n\t<meta property=\"og:image:type\" content=\"image\/png\" \/>\n<meta name=\"twitter:card\" content=\"summary_large_image\" \/>\n<meta name=\"twitter:label1\" content=\"Est. reading time\" \/>\n\t<meta name=\"twitter:data1\" content=\"1 minute\" \/>\n<script type=\"application\/ld+json\" class=\"yoast-schema-graph\">{\"@context\":\"https:\\\/\\\/schema.org\",\"@graph\":[{\"@type\":\"WebPage\",\"@id\":\"https:\\\/\\\/maristak.com\\\/eu\\\/neurrirako-prestakuntza-formularioa\\\/\",\"url\":\"https:\\\/\\\/maristak.com\\\/eu\\\/neurrirako-prestakuntza-formularioa\\\/\",\"name\":\"Neurrirako prestakuntza-formularioa - Maristak\",\"isPartOf\":{\"@id\":\"https:\\\/\\\/maristak.com\\\/eu\\\/#website\"},\"datePublished\":\"2023-11-06T22:11:37+00:00\",\"dateModified\":\"2023-11-18T13:32:18+00:00\",\"breadcrumb\":{\"@id\":\"https:\\\/\\\/maristak.com\\\/eu\\\/neurrirako-prestakuntza-formularioa\\\/#breadcrumb\"},\"inLanguage\":\"eu-ES\",\"potentialAction\":[{\"@type\":\"ReadAction\",\"target\":[\"https:\\\/\\\/maristak.com\\\/eu\\\/neurrirako-prestakuntza-formularioa\\\/\"]}]},{\"@type\":\"BreadcrumbList\",\"@id\":\"https:\\\/\\\/maristak.com\\\/eu\\\/neurrirako-prestakuntza-formularioa\\\/#breadcrumb\",\"itemListElement\":[{\"@type\":\"ListItem\",\"position\":1,\"name\":\"Portada\",\"item\":\"https:\\\/\\\/maristak.com\\\/eu\\\/\"},{\"@type\":\"ListItem\",\"position\":2,\"name\":\"Neurrirako prestakuntza-formularioa\"}]},{\"@type\":\"WebSite\",\"@id\":\"https:\\\/\\\/maristak.com\\\/eu\\\/#website\",\"url\":\"https:\\\/\\\/maristak.com\\\/eu\\\/\",\"name\":\"Maristak\",\"description\":\"Durango Ikastetxea\",\"publisher\":{\"@id\":\"https:\\\/\\\/maristak.com\\\/eu\\\/#organization\"},\"potentialAction\":[{\"@type\":\"SearchAction\",\"target\":{\"@type\":\"EntryPoint\",\"urlTemplate\":\"https:\\\/\\\/maristak.com\\\/eu\\\/?s={search_term_string}\"},\"query-input\":{\"@type\":\"PropertyValueSpecification\",\"valueRequired\":true,\"valueName\":\"search_term_string\"}}],\"inLanguage\":\"eu-ES\"},{\"@type\":\"Organization\",\"@id\":\"https:\\\/\\\/maristak.com\\\/eu\\\/#organization\",\"name\":\"Maristak\",\"url\":\"https:\\\/\\\/maristak.com\\\/eu\\\/\",\"logo\":{\"@type\":\"ImageObject\",\"inLanguage\":\"eu-ES\",\"@id\":\"https:\\\/\\\/maristak.com\\\/eu\\\/#\\\/schema\\\/logo\\\/image\\\/\",\"url\":\"https:\\\/\\\/maristak.com\\\/wp-content\\\/uploads\\\/2021\\\/05\\\/maristak-favicon.png\",\"contentUrl\":\"https:\\\/\\\/maristak.com\\\/wp-content\\\/uploads\\\/2021\\\/05\\\/maristak-favicon.png\",\"width\":512,\"height\":512,\"caption\":\"Maristak\"},\"image\":{\"@id\":\"https:\\\/\\\/maristak.com\\\/eu\\\/#\\\/schema\\\/logo\\\/image\\\/\"}}]}<\/script>\n<!-- \/ Yoast SEO plugin. -->","yoast_head_json":{"title":"Neurrirako prestakuntza-formularioa - Maristak","robots":{"index":"index","follow":"follow","max-snippet":"max-snippet:-1","max-image-preview":"max-image-preview:large","max-video-preview":"max-video-preview:-1"},"canonical":"https:\/\/maristak.com\/eu\/neurrirako-prestakuntza-formularioa\/","og_locale":"eu_ES","og_type":"article","og_title":"Neurrirako prestakuntza-formularioa - Maristak","og_description":"Enpresa gisa interesatuta zaude zure langileak prestatzeko? Jar zaitez gurekin harremanetan eta eskaintzen ditugun neurrira egindako prestakuntza programen berri emango dizugu. Informaci\u00f3n b\u00e1sica sobre la protecci\u00f3n de datos Responsable: MARISTAK DURANGO Legitimaci\u00f3n: Consentimiento del interesado Derechos y d\u00f3nde los puede ejercer: Puede ejercer los derechos de acceso, rectificaci\u00f3n, cancelaci\u00f3n y oposici\u00f3n de datos en el [&hellip;]","og_url":"https:\/\/maristak.com\/eu\/neurrirako-prestakuntza-formularioa\/","og_site_name":"Maristak","article_modified_time":"2023-11-18T13:32:18+00:00","og_image":[{"width":512,"height":512,"url":"https:\/\/maristak.com\/wp-content\/uploads\/2021\/05\/maristak-favicon.png","type":"image\/png"}],"twitter_card":"summary_large_image","twitter_misc":{"Est. reading time":"1 minute"},"schema":{"@context":"https:\/\/schema.org","@graph":[{"@type":"WebPage","@id":"https:\/\/maristak.com\/eu\/neurrirako-prestakuntza-formularioa\/","url":"https:\/\/maristak.com\/eu\/neurrirako-prestakuntza-formularioa\/","name":"Neurrirako prestakuntza-formularioa - Maristak","isPartOf":{"@id":"https:\/\/maristak.com\/eu\/#website"},"datePublished":"2023-11-06T22:11:37+00:00","dateModified":"2023-11-18T13:32:18+00:00","breadcrumb":{"@id":"https:\/\/maristak.com\/eu\/neurrirako-prestakuntza-formularioa\/#breadcrumb"},"inLanguage":"eu-ES","potentialAction":[{"@type":"ReadAction","target":["https:\/\/maristak.com\/eu\/neurrirako-prestakuntza-formularioa\/"]}]},{"@type":"BreadcrumbList","@id":"https:\/\/maristak.com\/eu\/neurrirako-prestakuntza-formularioa\/#breadcrumb","itemListElement":[{"@type":"ListItem","position":1,"name":"Portada","item":"https:\/\/maristak.com\/eu\/"},{"@type":"ListItem","position":2,"name":"Neurrirako prestakuntza-formularioa"}]},{"@type":"WebSite","@id":"https:\/\/maristak.com\/eu\/#website","url":"https:\/\/maristak.com\/eu\/","name":"Maristak","description":"Durango Ikastetxea","publisher":{"@id":"https:\/\/maristak.com\/eu\/#organization"},"potentialAction":[{"@type":"SearchAction","target":{"@type":"EntryPoint","urlTemplate":"https:\/\/maristak.com\/eu\/?s={search_term_string}"},"query-input":{"@type":"PropertyValueSpecification","valueRequired":true,"valueName":"search_term_string"}}],"inLanguage":"eu-ES"},{"@type":"Organization","@id":"https:\/\/maristak.com\/eu\/#organization","name":"Maristak","url":"https:\/\/maristak.com\/eu\/","logo":{"@type":"ImageObject","inLanguage":"eu-ES","@id":"https:\/\/maristak.com\/eu\/#\/schema\/logo\/image\/","url":"https:\/\/maristak.com\/wp-content\/uploads\/2021\/05\/maristak-favicon.png","contentUrl":"https:\/\/maristak.com\/wp-content\/uploads\/2021\/05\/maristak-favicon.png","width":512,"height":512,"caption":"Maristak"},"image":{"@id":"https:\/\/maristak.com\/eu\/#\/schema\/logo\/image\/"}}]}},"_links":{"self":[{"href":"https:\/\/maristak.com\/eu\/wp-json\/wp\/v2\/pages\/4801","targetHints":{"allow":["GET"]}}],"collection":[{"href":"https:\/\/maristak.com\/eu\/wp-json\/wp\/v2\/pages"}],"about":[{"href":"https:\/\/maristak.com\/eu\/wp-json\/wp\/v2\/types\/page"}],"author":[{"embeddable":true,"href":"https:\/\/maristak.com\/eu\/wp-json\/wp\/v2\/users\/1"}],"replies":[{"embeddable":true,"href":"https:\/\/maristak.com\/eu\/wp-json\/wp\/v2\/comments?post=4801"}],"version-history":[{"count":60,"href":"https:\/\/maristak.com\/eu\/wp-json\/wp\/v2\/pages\/4801\/revisions"}],"predecessor-version":[{"id":8643,"href":"https:\/\/maristak.com\/eu\/wp-json\/wp\/v2\/pages\/4801\/revisions\/8643"}],"wp:attachment":[{"href":"https:\/\/maristak.com\/eu\/wp-json\/wp\/v2\/media?parent=4801"}],"curies":[{"name":"wp","href":"https:\/\/api.w.org\/{rel}","templated":true}]}}